{"id":453,"date":"2025-10-06T08:53:31","date_gmt":"2025-10-06T11:53:31","guid":{"rendered":"https:\/\/brazil.digitona.com\/?page_id=453"},"modified":"2025-10-06T09:20:19","modified_gmt":"2025-10-06T12:20:19","slug":"news","status":"publish","type":"page","link":"https:\/\/brazil.digitona.com\/pt\/news\/","title":{"rendered":"Not\u00edcias"},"content":{"rendered":"<div data-elementor-type=\"wp-page\" data-elementor-id=\"453\" class=\"elementor elementor-453\">\n\t\t\t\t<div class=\"elementor-element elementor-element-aa78620 hero e-flex e-con-boxed e-con e-parent\" data-id=\"aa78620\" data-element_type=\"container\" data-settings=\"{&quot;background_background&quot;:&quot;classic&quot;}\">\n\t\t\t\t\t<div class=\"e-con-inner\">\n\t\t<div class=\"elementor-element elementor-element-dcfa82f e-con-full e-flex e-con e-child\" data-id=\"dcfa82f\" data-element_type=\"container\">\n\t\t\t\t<div class=\"elementor-element elementor-element-5d85925 simpel-hero-page-title elementor-widget elementor-widget-heading\" data-id=\"5d85925\" data-element_type=\"widget\" data-widget_type=\"heading.default\">\n\t\t\t\t\t<h1 class=\"elementor-heading-title elementor-size-default\">Not\u00edcias<\/h1>\t\t\t\t<\/div>\n\t\t\t\t<div class=\"elementor-element elementor-element-a8b52c5 intro elementor-widget elementor-widget-text-editor\" data-id=\"a8b52c5\" data-element_type=\"widget\" data-widget_type=\"text-editor.default\">\n\t\t\t\t\t\t\t\t\t<p>O que h\u00e1 de novo sobre a Simpel Transport<\/p>\t\t\t\t\t\t\t\t<\/div>\n\t\t\t\t<\/div>\n\t\t\t\t\t<\/div>\n\t\t\t\t<\/div>\n\t\t<div class=\"elementor-element elementor-element-ec1a4a8 e-flex e-con-boxed e-con e-parent\" data-id=\"ec1a4a8\" data-element_type=\"container\">\n\t\t\t\t\t<div class=\"e-con-inner\">\n\t\t\t\t<div class=\"elementor-element elementor-element-243b0bf elementor-widget__width-inherit elementor-widget elementor-widget-shortcode\" data-id=\"243b0bf\" data-element_type=\"widget\" data-widget_type=\"shortcode.default\">\n\t\t\t\t\t\t\t<div class=\"elementor-shortcode\"><nav aria-label=\"breadcrumbs\" class=\"rank-math-breadcrumb\"><p><span class=\"last\">In\u00edcio<\/span><\/p><\/nav><\/div>\n\t\t\t\t\t\t<\/div>\n\t\t\t\t\t<\/div>\n\t\t\t\t<\/div>\n\t\t<div class=\"elementor-element elementor-element-c8a83ce tb lr e-flex e-con-boxed e-con e-parent\" data-id=\"c8a83ce\" data-element_type=\"container\">\n\t\t\t\t\t<div class=\"e-con-inner\">\n\t\t\t\t<div class=\"elementor-element elementor-element-db3df42 elementor-widget elementor-widget-ts-post-feed\" data-id=\"db3df42\" data-element_type=\"widget\" data-widget_type=\"ts-post-feed.default\">\n\t\t\t\t\t<link rel='stylesheet' id='vx:post-feed.css-css' href='https:\/\/brazil.digitona.com\/wp-content\/themes\/voxel\/assets\/dist\/post-feed.css' type='text\/css' media='all' \/>\n\n\n<div\n\tclass=\"post-feed-grid ts-feed-grid-default \t\tvx-opacity\"\n\tdata-auto-slide=\"0\"\n>\n\n\t\n\t<div class=\"ts-preview\" data-post-id=\"422\">\t\t<div data-elementor-type=\"page\" data-elementor-id=\"465\" class=\"elementor elementor-465\">\n\t\t\t\t<a class=\"elementor-element elementor-element-de8ddba e-flex e-con-boxed e-con e-parent\" data-id=\"de8ddba\" data-element_type=\"container\" href=\"https:\/\/brazil.digitona.com\/pt\/mencao-em-lista-de-promissoras-startups-e-scaleups-suecas-de-tecnologia\/\">\n\t\t\t\t\t<div class=\"e-con-inner\">\n\t\t\t\t<div class=\"elementor-element elementor-element-ecba1e3 elementor-widget elementor-widget-image\" data-id=\"ecba1e3\" data-element_type=\"widget\" data-widget_type=\"image.default\">\n\t\t\t\t\t\t\t\t\t\t\t\t\t\t\t<img fetchpriority=\"high\" decoding=\"async\" width=\"1024\" height=\"576\" src=\"https:\/\/brazil.digitona.com\/wp-content\/uploads\/2025\/10\/swedish-tech-weekly-1024x576.jpg\" class=\"attachment-large size-large wp-image-423\" alt=\"\" srcset=\"https:\/\/brazil.digitona.com\/wp-content\/uploads\/2025\/10\/swedish-tech-weekly-1024x576.jpg 1024w, https:\/\/brazil.digitona.com\/wp-content\/uploads\/2025\/10\/swedish-tech-weekly-300x169.jpg 300w, https:\/\/brazil.digitona.com\/wp-content\/uploads\/2025\/10\/swedish-tech-weekly-768x432.jpg 768w, https:\/\/brazil.digitona.com\/wp-content\/uploads\/2025\/10\/swedish-tech-weekly.jpg 1200w\" sizes=\"(max-width: 1024px) 100vw, 1024px\" \/>\t\t\t\t\t\t\t\t\t\t\t\t\t\t\t<\/div>\n\t\t<div class=\"elementor-element elementor-element-d0aace4 e-con-full e-flex e-con e-child\" data-id=\"d0aace4\" data-element_type=\"container\">\n\t\t\t\t<div class=\"elementor-element elementor-element-8b8fcc7 elementor-widget elementor-widget-heading\" data-id=\"8b8fcc7\" data-element_type=\"widget\" data-widget_type=\"heading.default\">\n\t\t\t\t\t<p class=\"elementor-heading-title elementor-size-default\">2022-08-14<\/p>\t\t\t\t<\/div>\n\t\t\t\t<div class=\"elementor-element elementor-element-55d604c elementor-widget elementor-widget-heading\" data-id=\"55d604c\" data-element_type=\"widget\" data-widget_type=\"heading.default\">\n\t\t\t\t\t<p class=\"elementor-heading-title elementor-size-default\">NOT\u00cdCIAS<\/p>\t\t\t\t<\/div>\n\t\t\t\t<\/div>\n\t\t\t\t<div class=\"elementor-element elementor-element-d060284 elementor-widget__width-inherit elementor-widget elementor-widget-heading\" data-id=\"d060284\" data-element_type=\"widget\" data-widget_type=\"heading.default\">\n\t\t\t\t\t<h3 class=\"elementor-heading-title elementor-size-default\">Men\u00e7\u00e3o em lista de promissoras startups e scaleups suecas de tecnologia!<\/h3>\t\t\t\t<\/div>\n\t\t\t\t\t<\/div>\n\t\t\t\t<\/a>\n\t\t\t\t<\/div>\n\t\t<\/div><div class=\"ts-preview\" data-post-id=\"418\">\t\t<div data-elementor-type=\"page\" data-elementor-id=\"465\" class=\"elementor elementor-465\">\n\t\t\t\t<a class=\"elementor-element elementor-element-de8ddba e-flex e-con-boxed e-con e-parent\" data-id=\"de8ddba\" data-element_type=\"container\" href=\"https:\/\/brazil.digitona.com\/pt\/economia-climatica-com-a-simpel\/\">\n\t\t\t\t\t<div class=\"e-con-inner\">\n\t\t\t\t<div class=\"elementor-element elementor-element-ecba1e3 elementor-widget elementor-widget-image\" data-id=\"ecba1e3\" data-element_type=\"widget\" data-widget_type=\"image.default\">\n\t\t\t\t\t\t\t\t\t\t\t\t\t\t\t<img decoding=\"async\" width=\"1024\" height=\"576\" src=\"https:\/\/brazil.digitona.com\/wp-content\/uploads\/2025\/10\/Klimatbesparing-Simpel-1024x576.jpg\" class=\"attachment-large size-large wp-image-419\" alt=\"\" srcset=\"https:\/\/brazil.digitona.com\/wp-content\/uploads\/2025\/10\/Klimatbesparing-Simpel-1024x576.jpg 1024w, https:\/\/brazil.digitona.com\/wp-content\/uploads\/2025\/10\/Klimatbesparing-Simpel-300x169.jpg 300w, https:\/\/brazil.digitona.com\/wp-content\/uploads\/2025\/10\/Klimatbesparing-Simpel-768x432.jpg 768w, https:\/\/brazil.digitona.com\/wp-content\/uploads\/2025\/10\/Klimatbesparing-Simpel.jpg 1200w\" sizes=\"(max-width: 1024px) 100vw, 1024px\" \/>\t\t\t\t\t\t\t\t\t\t\t\t\t\t\t<\/div>\n\t\t<div class=\"elementor-element elementor-element-d0aace4 e-con-full e-flex e-con e-child\" data-id=\"d0aace4\" data-element_type=\"container\">\n\t\t\t\t<div class=\"elementor-element elementor-element-8b8fcc7 elementor-widget elementor-widget-heading\" data-id=\"8b8fcc7\" data-element_type=\"widget\" data-widget_type=\"heading.default\">\n\t\t\t\t\t<p class=\"elementor-heading-title elementor-size-default\">2023-01-07<\/p>\t\t\t\t<\/div>\n\t\t\t\t<div class=\"elementor-element elementor-element-55d604c elementor-widget elementor-widget-heading\" data-id=\"55d604c\" data-element_type=\"widget\" data-widget_type=\"heading.default\">\n\t\t\t\t\t<p class=\"elementor-heading-title elementor-size-default\">NOT\u00cdCIAS<\/p>\t\t\t\t<\/div>\n\t\t\t\t<\/div>\n\t\t\t\t<div class=\"elementor-element elementor-element-d060284 elementor-widget__width-inherit elementor-widget elementor-widget-heading\" data-id=\"d060284\" data-element_type=\"widget\" data-widget_type=\"heading.default\">\n\t\t\t\t\t<h3 class=\"elementor-heading-title elementor-size-default\">Economia clim\u00e1tica com a Simpel<\/h3>\t\t\t\t<\/div>\n\t\t\t\t\t<\/div>\n\t\t\t\t<\/a>\n\t\t\t\t<\/div>\n\t\t<\/div><div class=\"ts-preview\" data-post-id=\"414\">\t\t<div data-elementor-type=\"page\" data-elementor-id=\"465\" class=\"elementor elementor-465\">\n\t\t\t\t<a class=\"elementor-element elementor-element-de8ddba e-flex e-con-boxed e-con e-parent\" data-id=\"de8ddba\" data-element_type=\"container\" href=\"https:\/\/brazil.digitona.com\/pt\/simpel-lanca-servico-de-entregas-locais-nos-condados-de-vastra-gotaland-e-skane\/\">\n\t\t\t\t\t<div class=\"e-con-inner\">\n\t\t\t\t<div class=\"elementor-element elementor-element-ecba1e3 elementor-widget elementor-widget-image\" data-id=\"ecba1e3\" data-element_type=\"widget\" data-widget_type=\"image.default\">\n\t\t\t\t\t\t\t\t\t\t\t\t\t\t\t<img decoding=\"async\" width=\"1024\" height=\"576\" src=\"https:\/\/brazil.digitona.com\/wp-content\/uploads\/2025\/10\/lokala-bud-1024x576.jpg\" class=\"attachment-large size-large wp-image-415\" alt=\"\" srcset=\"https:\/\/brazil.digitona.com\/wp-content\/uploads\/2025\/10\/lokala-bud-1024x576.jpg 1024w, https:\/\/brazil.digitona.com\/wp-content\/uploads\/2025\/10\/lokala-bud-300x169.jpg 300w, https:\/\/brazil.digitona.com\/wp-content\/uploads\/2025\/10\/lokala-bud-768x432.jpg 768w, https:\/\/brazil.digitona.com\/wp-content\/uploads\/2025\/10\/lokala-bud.jpg 1200w\" sizes=\"(max-width: 1024px) 100vw, 1024px\" \/>\t\t\t\t\t\t\t\t\t\t\t\t\t\t\t<\/div>\n\t\t<div class=\"elementor-element elementor-element-d0aace4 e-con-full e-flex e-con e-child\" data-id=\"d0aace4\" data-element_type=\"container\">\n\t\t\t\t<div class=\"elementor-element elementor-element-8b8fcc7 elementor-widget elementor-widget-heading\" data-id=\"8b8fcc7\" data-element_type=\"widget\" data-widget_type=\"heading.default\">\n\t\t\t\t\t<p class=\"elementor-heading-title elementor-size-default\">2023-03-22<\/p>\t\t\t\t<\/div>\n\t\t\t\t<div class=\"elementor-element elementor-element-55d604c elementor-widget elementor-widget-heading\" data-id=\"55d604c\" data-element_type=\"widget\" data-widget_type=\"heading.default\">\n\t\t\t\t\t<p class=\"elementor-heading-title elementor-size-default\">NOT\u00cdCIAS<\/p>\t\t\t\t<\/div>\n\t\t\t\t<\/div>\n\t\t\t\t<div class=\"elementor-element elementor-element-d060284 elementor-widget__width-inherit elementor-widget elementor-widget-heading\" data-id=\"d060284\" data-element_type=\"widget\" data-widget_type=\"heading.default\">\n\t\t\t\t\t<h3 class=\"elementor-heading-title elementor-size-default\">Simpel lan\u00e7a servi\u00e7o de entregas locais nos condados de V\u00e4stra G\u00f6taland e Sk\u00e5ne<\/h3>\t\t\t\t<\/div>\n\t\t\t\t\t<\/div>\n\t\t\t\t<\/a>\n\t\t\t\t<\/div>\n\t\t<\/div><div class=\"ts-preview\" data-post-id=\"410\">\t\t<div data-elementor-type=\"page\" data-elementor-id=\"465\" class=\"elementor elementor-465\">\n\t\t\t\t<a class=\"elementor-element elementor-element-de8ddba e-flex e-con-boxed e-con e-parent\" data-id=\"de8ddba\" data-element_type=\"container\" href=\"https:\/\/brazil.digitona.com\/pt\/simpel-transport-torna-se-novo-parceiro-oficial-do-dif-fotboll\/\">\n\t\t\t\t\t<div class=\"e-con-inner\">\n\t\t\t\t<div class=\"elementor-element elementor-element-ecba1e3 elementor-widget elementor-widget-image\" data-id=\"ecba1e3\" data-element_type=\"widget\" data-widget_type=\"image.default\">\n\t\t\t\t\t\t\t\t\t\t\t\t\t\t\t<img loading=\"lazy\" decoding=\"async\" width=\"1024\" height=\"576\" src=\"https:\/\/brazil.digitona.com\/wp-content\/uploads\/2023\/04\/simpel-djurgarden-samarbete-1024x576.jpg\" class=\"attachment-large size-large wp-image-412\" alt=\"\" srcset=\"https:\/\/brazil.digitona.com\/wp-content\/uploads\/2023\/04\/simpel-djurgarden-samarbete-1024x576.jpg 1024w, https:\/\/brazil.digitona.com\/wp-content\/uploads\/2023\/04\/simpel-djurgarden-samarbete-300x169.jpg 300w, https:\/\/brazil.digitona.com\/wp-content\/uploads\/2023\/04\/simpel-djurgarden-samarbete-768x432.jpg 768w, https:\/\/brazil.digitona.com\/wp-content\/uploads\/2023\/04\/simpel-djurgarden-samarbete.jpg 1200w\" sizes=\"(max-width: 1024px) 100vw, 1024px\" \/>\t\t\t\t\t\t\t\t\t\t\t\t\t\t\t<\/div>\n\t\t<div class=\"elementor-element elementor-element-d0aace4 e-con-full e-flex e-con e-child\" data-id=\"d0aace4\" data-element_type=\"container\">\n\t\t\t\t<div class=\"elementor-element elementor-element-8b8fcc7 elementor-widget elementor-widget-heading\" data-id=\"8b8fcc7\" data-element_type=\"widget\" data-widget_type=\"heading.default\">\n\t\t\t\t\t<p class=\"elementor-heading-title elementor-size-default\">2023-04-05<\/p>\t\t\t\t<\/div>\n\t\t\t\t<div class=\"elementor-element elementor-element-55d604c elementor-widget elementor-widget-heading\" data-id=\"55d604c\" data-element_type=\"widget\" data-widget_type=\"heading.default\">\n\t\t\t\t\t<p class=\"elementor-heading-title elementor-size-default\">NOT\u00cdCIAS<\/p>\t\t\t\t<\/div>\n\t\t\t\t<\/div>\n\t\t\t\t<div class=\"elementor-element elementor-element-d060284 elementor-widget__width-inherit elementor-widget elementor-widget-heading\" data-id=\"d060284\" data-element_type=\"widget\" data-widget_type=\"heading.default\">\n\t\t\t\t\t<h3 class=\"elementor-heading-title elementor-size-default\">Simpel Transport torna-se novo parceiro oficial do DIF Fotboll<\/h3>\t\t\t\t<\/div>\n\t\t\t\t\t<\/div>\n\t\t\t\t<\/a>\n\t\t\t\t<\/div>\n\t\t<\/div><div class=\"ts-preview\" data-post-id=\"406\">\t\t<div data-elementor-type=\"page\" data-elementor-id=\"465\" class=\"elementor elementor-465\">\n\t\t\t\t<a class=\"elementor-element elementor-element-de8ddba e-flex e-con-boxed e-con e-parent\" data-id=\"de8ddba\" data-element_type=\"container\" href=\"https:\/\/brazil.digitona.com\/pt\/transporte-de-pacotes-dentro-da-regiao-de-estocolmo-com-entrega-no-mesmo-dia\/\">\n\t\t\t\t\t<div class=\"e-con-inner\">\n\t\t\t\t<div class=\"elementor-element elementor-element-ecba1e3 elementor-widget elementor-widget-image\" data-id=\"ecba1e3\" data-element_type=\"widget\" data-widget_type=\"image.default\">\n\t\t\t\t\t\t\t\t\t\t\t\t\t\t\t<img loading=\"lazy\" decoding=\"async\" width=\"1024\" height=\"576\" src=\"https:\/\/brazil.digitona.com\/wp-content\/uploads\/2025\/10\/Stockholm-1024x576.jpg\" class=\"attachment-large size-large wp-image-407\" alt=\"\" srcset=\"https:\/\/brazil.digitona.com\/wp-content\/uploads\/2025\/10\/Stockholm-1024x576.jpg 1024w, https:\/\/brazil.digitona.com\/wp-content\/uploads\/2025\/10\/Stockholm-300x169.jpg 300w, https:\/\/brazil.digitona.com\/wp-content\/uploads\/2025\/10\/Stockholm-768x432.jpg 768w, https:\/\/brazil.digitona.com\/wp-content\/uploads\/2025\/10\/Stockholm.jpg 1200w\" sizes=\"(max-width: 1024px) 100vw, 1024px\" \/>\t\t\t\t\t\t\t\t\t\t\t\t\t\t\t<\/div>\n\t\t<div class=\"elementor-element elementor-element-d0aace4 e-con-full e-flex e-con e-child\" data-id=\"d0aace4\" data-element_type=\"container\">\n\t\t\t\t<div class=\"elementor-element elementor-element-8b8fcc7 elementor-widget elementor-widget-heading\" data-id=\"8b8fcc7\" data-element_type=\"widget\" data-widget_type=\"heading.default\">\n\t\t\t\t\t<p class=\"elementor-heading-title elementor-size-default\">2023-11-30<\/p>\t\t\t\t<\/div>\n\t\t\t\t<div class=\"elementor-element elementor-element-55d604c elementor-widget elementor-widget-heading\" data-id=\"55d604c\" data-element_type=\"widget\" data-widget_type=\"heading.default\">\n\t\t\t\t\t<p class=\"elementor-heading-title elementor-size-default\">NOT\u00cdCIAS<\/p>\t\t\t\t<\/div>\n\t\t\t\t<\/div>\n\t\t\t\t<div class=\"elementor-element elementor-element-d060284 elementor-widget__width-inherit elementor-widget elementor-widget-heading\" data-id=\"d060284\" data-element_type=\"widget\" data-widget_type=\"heading.default\">\n\t\t\t\t\t<h3 class=\"elementor-heading-title elementor-size-default\">Transporte de pacotes dentro da regi\u00e3o de Estocolmo com entrega no mesmo dia<\/h3>\t\t\t\t<\/div>\n\t\t\t\t\t<\/div>\n\t\t\t\t<\/a>\n\t\t\t\t<\/div>\n\t\t<\/div><div class=\"ts-preview\" data-post-id=\"402\">\t\t<div data-elementor-type=\"page\" data-elementor-id=\"465\" class=\"elementor elementor-465\">\n\t\t\t\t<a class=\"elementor-element elementor-element-de8ddba e-flex e-con-boxed e-con e-parent\" data-id=\"de8ddba\" data-element_type=\"container\" href=\"https:\/\/brazil.digitona.com\/pt\/fomos-indicados-ao-premio-de-melhor-desempenho-em-sustentabilidade-de-2023\/\">\n\t\t\t\t\t<div class=\"e-con-inner\">\n\t\t\t\t<div class=\"elementor-element elementor-element-ecba1e3 elementor-widget elementor-widget-image\" data-id=\"ecba1e3\" data-element_type=\"widget\" data-widget_type=\"image.default\">\n\t\t\t\t\t\t\t\t\t\t\t\t\t\t\t<img loading=\"lazy\" decoding=\"async\" width=\"1024\" height=\"576\" src=\"https:\/\/brazil.digitona.com\/wp-content\/uploads\/2025\/10\/hallbarhetsprestation-1024x576.jpg\" class=\"attachment-large size-large wp-image-403\" alt=\"\" srcset=\"https:\/\/brazil.digitona.com\/wp-content\/uploads\/2025\/10\/hallbarhetsprestation-1024x576.jpg 1024w, https:\/\/brazil.digitona.com\/wp-content\/uploads\/2025\/10\/hallbarhetsprestation-300x169.jpg 300w, https:\/\/brazil.digitona.com\/wp-content\/uploads\/2025\/10\/hallbarhetsprestation-768x432.jpg 768w, https:\/\/brazil.digitona.com\/wp-content\/uploads\/2025\/10\/hallbarhetsprestation.jpg 1200w\" sizes=\"(max-width: 1024px) 100vw, 1024px\" \/>\t\t\t\t\t\t\t\t\t\t\t\t\t\t\t<\/div>\n\t\t<div class=\"elementor-element elementor-element-d0aace4 e-con-full e-flex e-con e-child\" data-id=\"d0aace4\" data-element_type=\"container\">\n\t\t\t\t<div class=\"elementor-element elementor-element-8b8fcc7 elementor-widget elementor-widget-heading\" data-id=\"8b8fcc7\" data-element_type=\"widget\" data-widget_type=\"heading.default\">\n\t\t\t\t\t<p class=\"elementor-heading-title elementor-size-default\">2024-01-23<\/p>\t\t\t\t<\/div>\n\t\t\t\t<div class=\"elementor-element elementor-element-55d604c elementor-widget elementor-widget-heading\" data-id=\"55d604c\" data-element_type=\"widget\" data-widget_type=\"heading.default\">\n\t\t\t\t\t<p class=\"elementor-heading-title elementor-size-default\">NOT\u00cdCIAS<\/p>\t\t\t\t<\/div>\n\t\t\t\t<\/div>\n\t\t\t\t<div class=\"elementor-element elementor-element-d060284 elementor-widget__width-inherit elementor-widget elementor-widget-heading\" data-id=\"d060284\" data-element_type=\"widget\" data-widget_type=\"heading.default\">\n\t\t\t\t\t<h3 class=\"elementor-heading-title elementor-size-default\">Fomos indicados ao pr\u00eamio de melhor desempenho em sustentabilidade de 2023<\/h3>\t\t\t\t<\/div>\n\t\t\t\t\t<\/div>\n\t\t\t\t<\/a>\n\t\t\t\t<\/div>\n\t\t<\/div><div class=\"ts-preview\" data-post-id=\"393\">\t\t<div data-elementor-type=\"page\" data-elementor-id=\"465\" class=\"elementor elementor-465\">\n\t\t\t\t<a class=\"elementor-element elementor-element-de8ddba e-flex e-con-boxed e-con e-parent\" data-id=\"de8ddba\" data-element_type=\"container\" href=\"https:\/\/brazil.digitona.com\/pt\/simpel-vence-licitacao-e-inicia-parceria-com-a-renta-aluguel-de-maquinas\/\">\n\t\t\t\t\t<div class=\"e-con-inner\">\n\t\t\t\t<div class=\"elementor-element elementor-element-ecba1e3 elementor-widget elementor-widget-image\" data-id=\"ecba1e3\" data-element_type=\"widget\" data-widget_type=\"image.default\">\n\t\t\t\t\t\t\t\t\t\t\t\t\t\t\t<img loading=\"lazy\" decoding=\"async\" width=\"1024\" height=\"576\" src=\"https:\/\/brazil.digitona.com\/wp-content\/uploads\/2025\/10\/simpel-renta-samarbete-2024-1024x576.jpg\" class=\"attachment-large size-large wp-image-394\" alt=\"\" srcset=\"https:\/\/brazil.digitona.com\/wp-content\/uploads\/2025\/10\/simpel-renta-samarbete-2024-1024x576.jpg 1024w, https:\/\/brazil.digitona.com\/wp-content\/uploads\/2025\/10\/simpel-renta-samarbete-2024-300x169.jpg 300w, https:\/\/brazil.digitona.com\/wp-content\/uploads\/2025\/10\/simpel-renta-samarbete-2024-768x432.jpg 768w, https:\/\/brazil.digitona.com\/wp-content\/uploads\/2025\/10\/simpel-renta-samarbete-2024.jpg 1200w\" sizes=\"(max-width: 1024px) 100vw, 1024px\" \/>\t\t\t\t\t\t\t\t\t\t\t\t\t\t\t<\/div>\n\t\t<div class=\"elementor-element elementor-element-d0aace4 e-con-full e-flex e-con e-child\" data-id=\"d0aace4\" data-element_type=\"container\">\n\t\t\t\t<div class=\"elementor-element elementor-element-8b8fcc7 elementor-widget elementor-widget-heading\" data-id=\"8b8fcc7\" data-element_type=\"widget\" data-widget_type=\"heading.default\">\n\t\t\t\t\t<p class=\"elementor-heading-title elementor-size-default\">2024-02-06<\/p>\t\t\t\t<\/div>\n\t\t\t\t<div class=\"elementor-element elementor-element-55d604c elementor-widget elementor-widget-heading\" data-id=\"55d604c\" data-element_type=\"widget\" data-widget_type=\"heading.default\">\n\t\t\t\t\t<p class=\"elementor-heading-title elementor-size-default\">NOT\u00cdCIAS<\/p>\t\t\t\t<\/div>\n\t\t\t\t<\/div>\n\t\t\t\t<div class=\"elementor-element elementor-element-d060284 elementor-widget__width-inherit elementor-widget elementor-widget-heading\" data-id=\"d060284\" data-element_type=\"widget\" data-widget_type=\"heading.default\">\n\t\t\t\t\t<h3 class=\"elementor-heading-title elementor-size-default\">Simpel vence licita\u00e7\u00e3o e inicia parceria com a Renta Aluguel de M\u00e1quinas<\/h3>\t\t\t\t<\/div>\n\t\t\t\t\t<\/div>\n\t\t\t\t<\/a>\n\t\t\t\t<\/div>\n\t\t<\/div><\/div>\n<div class=\"ts-no-posts hidden\">\n\t<svg width=\"80\" height=\"80\" viewbox=\"0 0 24 25\" fill=\"none\" xmlns=\"http:\/\/www.w3.org\/2000\/svg\" transform=\"rotate(0 0 0)\"><path fill-rule=\"evenodd\" clip-rule=\"evenodd\" d=\"M11.25 2.75C6.14154 2.75 2 6.89029 2 11.998C2 17.1056 6.14154 21.2459 11.25 21.2459C13.5335 21.2459 15.6238 20.4187 17.2373 19.0475L20.7182 22.5287C21.011 22.8216 21.4859 22.8217 21.7788 22.5288C22.0717 22.2359 22.0718 21.761 21.7789 21.4681L18.2983 17.9872C19.6714 16.3736 20.5 14.2826 20.5 11.998C20.5 6.89029 16.3585 2.75 11.25 2.75ZM3.5 11.998C3.5 7.71905 6.96962 4.25 11.25 4.25C15.5304 4.25 19 7.71905 19 11.998C19 16.2769 15.5304 19.7459 11.25 19.7459C6.96962 19.7459 3.5 16.2769 3.5 11.998Z\" fill=\"#343C54\"\/><\/svg>\t<p>There are no results matching your search\t\t\t<\/p>\n\t\n<\/div>\n\t\t\t\t\t<\/div>\n\t\t\t\t\t<\/div>\n\t\t\t\t<\/div>\n\t\t\t\t<\/div>","protected":false},"excerpt":{"rendered":"<p>News Latest about Simpel Transport<\/p>","protected":false},"author":1,"featured_media":0,"parent":0,"menu_order":0,"comment_status":"closed","ping_status":"closed","template":"","meta":{"footnotes":""},"class_list":["post-453","page","type-page","status-publish","hentry"],"_links":{"self":[{"href":"https:\/\/brazil.digitona.com\/pt\/wp-json\/wp\/v2\/pages\/453","targetHints":{"allow":["GET"]}}],"collection":[{"href":"https:\/\/brazil.digitona.com\/pt\/wp-json\/wp\/v2\/pages"}],"about":[{"href":"https:\/\/brazil.digitona.com\/pt\/wp-json\/wp\/v2\/types\/page"}],"author":[{"embeddable":true,"href":"https:\/\/brazil.digitona.com\/pt\/wp-json\/wp\/v2\/users\/1"}],"replies":[{"embeddable":true,"href":"https:\/\/brazil.digitona.com\/pt\/wp-json\/wp\/v2\/comments?post=453"}],"version-history":[{"count":5,"href":"https:\/\/brazil.digitona.com\/pt\/wp-json\/wp\/v2\/pages\/453\/revisions"}],"predecessor-version":[{"id":510,"href":"https:\/\/brazil.digitona.com\/pt\/wp-json\/wp\/v2\/pages\/453\/revisions\/510"}],"wp:attachment":[{"href":"https:\/\/brazil.digitona.com\/pt\/wp-json\/wp\/v2\/media?parent=453"}],"curies":[{"name":"wp","href":"https:\/\/api.w.org\/{rel}","templated":true}]}}