{"id":340,"date":"2025-10-05T22:06:06","date_gmt":"2025-10-06T01:06:06","guid":{"rendered":"https:\/\/brazil.digitona.com\/?page_id=340"},"modified":"2025-10-06T08:51:57","modified_gmt":"2025-10-06T11:51:57","slug":"about","status":"publish","type":"page","link":"https:\/\/brazil.digitona.com\/pt\/about\/","title":{"rendered":"Sobre"},"content":{"rendered":"<div data-elementor-type=\"wp-page\" data-elementor-id=\"340\" class=\"elementor elementor-340\">\n\t\t\t\t<div class=\"elementor-element elementor-element-bd5a06f hero e-flex e-con-boxed e-con e-parent\" data-id=\"bd5a06f\" data-element_type=\"container\" data-settings=\"{&quot;background_background&quot;:&quot;classic&quot;}\">\n\t\t\t\t\t<div class=\"e-con-inner\">\n\t\t<div class=\"elementor-element elementor-element-6f053af e-con-full e-flex e-con e-child\" data-id=\"6f053af\" data-element_type=\"container\">\n\t\t\t\t<div class=\"elementor-element elementor-element-072303a simpel-hero-page-title elementor-widget elementor-widget-heading\" data-id=\"072303a\" data-element_type=\"widget\" data-widget_type=\"heading.default\">\n\t\t\t\t\t<h1 class=\"elementor-heading-title elementor-size-default\">Sobre<\/h1>\t\t\t\t<\/div>\n\t\t\t\t<div class=\"elementor-element elementor-element-1d77d4e intro elementor-widget elementor-widget-text-editor\" data-id=\"1d77d4e\" data-element_type=\"widget\" data-widget_type=\"text-editor.default\">\n\t\t\t\t\t\t\t\t\t<p>Conhe\u00e7a a hist\u00f3ria por tr\u00e1s da cria\u00e7\u00e3o da Simpel e como trabalhamos ativamente para construir um setor de transporte mais sustent\u00e1vel.<\/p>\t\t\t\t\t\t\t\t<\/div>\n\t\t\t\t<\/div>\n\t\t\t\t\t<\/div>\n\t\t\t\t<\/div>\n\t\t<div class=\"elementor-element elementor-element-609ad25 e-flex e-con-boxed e-con e-parent\" data-id=\"609ad25\" data-element_type=\"container\">\n\t\t\t\t\t<div class=\"e-con-inner\">\n\t\t\t\t<div class=\"elementor-element elementor-element-90a5814 elementor-widget__width-inherit elementor-widget elementor-widget-shortcode\" data-id=\"90a5814\" data-element_type=\"widget\" data-widget_type=\"shortcode.default\">\n\t\t\t\t\t\t\t<div class=\"elementor-shortcode\"><nav aria-label=\"breadcrumbs\" class=\"rank-math-breadcrumb\"><p><span class=\"last\">In\u00edcio<\/span><\/p><\/nav><\/div>\n\t\t\t\t\t\t<\/div>\n\t\t\t\t\t<\/div>\n\t\t\t\t<\/div>\n\t\t<div class=\"elementor-element elementor-element-1452fe3 tb lr e-flex e-con-boxed e-con e-parent\" data-id=\"1452fe3\" data-element_type=\"container\">\n\t\t\t\t\t<div class=\"e-con-inner\">\n\t\t<div class=\"elementor-element elementor-element-edb3288 e-con-full e-flex e-con e-child\" data-id=\"edb3288\" data-element_type=\"container\">\n\t\t\t\t<div class=\"elementor-element elementor-element-90816cd elementor-widget elementor-widget-heading\" data-id=\"90816cd\" data-element_type=\"widget\" data-widget_type=\"heading.default\">\n\t\t\t\t\t<h2 class=\"elementor-heading-title elementor-size-default\">O Problema que Identificamos<\/h2>\t\t\t\t<\/div>\n\t\t\t\t<div class=\"elementor-element elementor-element-5c3c7e4 intro elementor-widget elementor-widget-text-editor\" data-id=\"5c3c7e4\" data-element_type=\"widget\" data-widget_type=\"text-editor.default\">\n\t\t\t\t\t\t\t\t\t<p data-start=\"0\" data-end=\"301\">Atualmente, um grande n\u00famero de caminh\u00f5es percorre as estradas da Su\u00e9cia para garantir que empresas e pessoas recebam seus produtos da melhor forma poss\u00edvel. \u00c0 medida que o setor de transporte cresceu, o n\u00famero de caminh\u00f5es tamb\u00e9m aumentou \u2014 por\u00e9m, o espa\u00e7o dentro desses ve\u00edculos muitas vezes n\u00e3o \u00e9 utilizado de forma eficiente.<\/p><p data-start=\"303\" data-end=\"512\">O fato de caminh\u00f5es vazios ou sem carga total circularem por a\u00ed representa n\u00e3o apenas um enorme desperd\u00edcio de recursos para as empresas, mas tamb\u00e9m um impacto ambiental significativo que poderia ser evitado.<\/p>\t\t\t\t\t\t\t\t<\/div>\n\t\t\t\t<\/div>\n\t\t<div class=\"elementor-element elementor-element-6bd80f4 e-con-full e-flex e-con e-child\" data-id=\"6bd80f4\" data-element_type=\"container\">\n\t\t\t\t<div class=\"elementor-element elementor-element-af9aad3 elementor-widget__width-inherit elementor-widget elementor-widget-image\" data-id=\"af9aad3\" data-element_type=\"widget\" data-widget_type=\"image.default\">\n\t\t\t\t\t\t\t\t\t\t\t\t\t\t\t<img fetchpriority=\"high\" decoding=\"async\" width=\"1024\" height=\"671\" src=\"https:\/\/brazil.digitona.com\/wp-content\/uploads\/2025\/10\/road3-1024x671.jpg\" class=\"attachment-large size-large wp-image-342\" alt=\"\" srcset=\"https:\/\/brazil.digitona.com\/wp-content\/uploads\/2025\/10\/road3-1024x671.jpg 1024w, https:\/\/brazil.digitona.com\/wp-content\/uploads\/2025\/10\/road3-300x197.jpg 300w, https:\/\/brazil.digitona.com\/wp-content\/uploads\/2025\/10\/road3-768x503.jpg 768w, https:\/\/brazil.digitona.com\/wp-content\/uploads\/2025\/10\/road3-1536x1006.jpg 1536w, https:\/\/brazil.digitona.com\/wp-content\/uploads\/2025\/10\/road3.jpg 1920w\" sizes=\"(max-width: 1024px) 100vw, 1024px\" \/>\t\t\t\t\t\t\t\t\t\t\t\t\t\t\t<\/div>\n\t\t\t\t<\/div>\n\t\t\t\t\t<\/div>\n\t\t\t\t<\/div>\n\t\t<div class=\"elementor-element elementor-element-d7b3f5b tb lr e-flex e-con-boxed e-con e-parent\" data-id=\"d7b3f5b\" data-element_type=\"container\">\n\t\t\t\t\t<div class=\"e-con-inner\">\n\t\t<div class=\"elementor-element elementor-element-590b6ff e-con-full e-flex e-con e-child\" data-id=\"590b6ff\" data-element_type=\"container\">\n\t\t\t\t<div class=\"elementor-element elementor-element-fdd446e elementor-widget elementor-widget-heading\" data-id=\"fdd446e\" data-element_type=\"widget\" data-widget_type=\"heading.default\">\n\t\t\t\t\t<h2 class=\"elementor-heading-title elementor-size-default\">Nossa Solu\u00e7\u00e3o<\/h2>\t\t\t\t<\/div>\n\t\t\t\t<div class=\"elementor-element elementor-element-31edc32 intro elementor-widget elementor-widget-text-editor\" data-id=\"31edc32\" data-element_type=\"widget\" data-widget_type=\"text-editor.default\">\n\t\t\t\t\t\t\t\t\t<p data-start=\"514\" data-end=\"827\">Como propriet\u00e1rio de uma transportadora, Patric Olsson percebeu os altos custos que tanto o meio ambiente quanto as empresas enfrentam devido ao uso ineficiente dos transportes. Junto com Andreas Klingensj\u00f6, ele fundou a <strong data-start=\"728\" data-end=\"748\">Simpel Transport<\/strong>, com o objetivo de criar um setor de transporte mais ecol\u00f3gico e respons\u00e1vel.<\/p><p data-start=\"829\" data-end=\"978\" data-is-last-node=\"\" data-is-only-node=\"\">A vis\u00e3o da Simpel Transport \u00e9 se tornar a escolha \u00f3bvia para quem busca um transporte r\u00e1pido e acess\u00edvel \u2014 sem deixar de lado o cuidado com o nosso meio ambiente.<\/p>\t\t\t\t\t\t\t\t<\/div>\n\t\t\t\t<\/div>\n\t\t<div class=\"elementor-element elementor-element-565d8f3 e-con-full e-flex e-con e-child\" data-id=\"565d8f3\" data-element_type=\"container\">\n\t\t\t\t<div class=\"elementor-element elementor-element-5a2bae7 elementor-widget__width-inherit elementor-widget elementor-widget-image\" data-id=\"5a2bae7\" data-element_type=\"widget\" data-widget_type=\"image.default\">\n\t\t\t\t\t\t\t\t\t\t\t\t\t\t\t<img decoding=\"async\" width=\"1024\" height=\"683\" src=\"https:\/\/brazil.digitona.com\/wp-content\/uploads\/2025\/10\/simpel_paket-1024x683.jpg\" class=\"attachment-large size-large wp-image-345\" alt=\"\" srcset=\"https:\/\/brazil.digitona.com\/wp-content\/uploads\/2025\/10\/simpel_paket-1024x683.jpg 1024w, https:\/\/brazil.digitona.com\/wp-content\/uploads\/2025\/10\/simpel_paket-300x200.jpg 300w, https:\/\/brazil.digitona.com\/wp-content\/uploads\/2025\/10\/simpel_paket-768x512.jpg 768w, https:\/\/brazil.digitona.com\/wp-content\/uploads\/2025\/10\/simpel_paket-1536x1024.jpg 1536w, https:\/\/brazil.digitona.com\/wp-content\/uploads\/2025\/10\/simpel_paket.jpg 1920w\" sizes=\"(max-width: 1024px) 100vw, 1024px\" \/>\t\t\t\t\t\t\t\t\t\t\t\t\t\t\t<\/div>\n\t\t\t\t<\/div>\n\t\t\t\t\t<\/div>\n\t\t\t\t<\/div>\n\t\t\t\t<\/div>","protected":false},"excerpt":{"rendered":"<p>About Learn about the story behind why we started Simpel and how we actively work toward creating a more sustainable transport sector. The Problem We Saw Today, a large number of trucks travel Sweden\u2019s roads to ensure that companies and individuals receive their goods in the best possible way. As the haulage industry has grown, [&hellip;]<\/p>","protected":false},"author":1,"featured_media":0,"parent":0,"menu_order":0,"comment_status":"closed","ping_status":"closed","template":"","meta":{"footnotes":""},"class_list":["post-340","page","type-page","status-publish","hentry"],"_links":{"self":[{"href":"https:\/\/brazil.digitona.com\/pt\/wp-json\/wp\/v2\/pages\/340","targetHints":{"allow":["GET"]}}],"collection":[{"href":"https:\/\/brazil.digitona.com\/pt\/wp-json\/wp\/v2\/pages"}],"about":[{"href":"https:\/\/brazil.digitona.com\/pt\/wp-json\/wp\/v2\/types\/page"}],"author":[{"embeddable":true,"href":"https:\/\/brazil.digitona.com\/pt\/wp-json\/wp\/v2\/users\/1"}],"replies":[{"embeddable":true,"href":"https:\/\/brazil.digitona.com\/pt\/wp-json\/wp\/v2\/comments?post=340"}],"version-history":[{"count":5,"href":"https:\/\/brazil.digitona.com\/pt\/wp-json\/wp\/v2\/pages\/340\/revisions"}],"predecessor-version":[{"id":451,"href":"https:\/\/brazil.digitona.com\/pt\/wp-json\/wp\/v2\/pages\/340\/revisions\/451"}],"wp:attachment":[{"href":"https:\/\/brazil.digitona.com\/pt\/wp-json\/wp\/v2\/media?parent=340"}],"curies":[{"name":"wp","href":"https:\/\/api.w.org\/{rel}","templated":true}]}}